{"id":7,"date":"2019-04-30T09:15:49","date_gmt":"2019-04-30T09:15:49","guid":{"rendered":"https:\/\/ortho-kinsky.at\/?page_id=7"},"modified":"2026-04-12T15:21:04","modified_gmt":"2026-04-12T15:21:04","slug":"home-7","status":"publish","type":"page","link":"https:\/\/ortho-kinsky.at\/en\/","title":{"rendered":"Home"},"content":{"rendered":"","protected":false},"excerpt":{"rendered":"<p>Dr. Maximilian Kinsky &#8211; Ihr Experte f\u00fcr konservative &#038; operative Orthop\u00e4die. Auch wenn Sie kurzfristig einen Termin ben\u00f6tigen, bin ich f\u00fcr Sie erreichbar.<\/p>","protected":false},"author":1,"featured_media":0,"parent":0,"menu_order":0,"comment_status":"open","ping_status":"closed","template":"","meta":{"om_disable_all_campaigns":false,"_monsterinsights_skip_tracking":false,"_monsterinsights_sitenote_active":false,"_monsterinsights_sitenote_note":"","_monsterinsights_sitenote_category":0,"footnotes":""},"class_list":["post-7","page","type-page","status-publish","hentry"],"aioseo_notices":[],"_links":{"self":[{"href":"https:\/\/ortho-kinsky.at\/en\/wp-json\/wp\/v2\/pages\/7","targetHints":{"allow":["GET"]}}],"collection":[{"href":"https:\/\/ortho-kinsky.at\/en\/wp-json\/wp\/v2\/pages"}],"about":[{"href":"https:\/\/ortho-kinsky.at\/en\/wp-json\/wp\/v2\/types\/page"}],"author":[{"embeddable":true,"href":"https:\/\/ortho-kinsky.at\/en\/wp-json\/wp\/v2\/users\/1"}],"replies":[{"embeddable":true,"href":"https:\/\/ortho-kinsky.at\/en\/wp-json\/wp\/v2\/comments?post=7"}],"version-history":[{"count":3,"href":"https:\/\/ortho-kinsky.at\/en\/wp-json\/wp\/v2\/pages\/7\/revisions"}],"predecessor-version":[{"id":2426,"href":"https:\/\/ortho-kinsky.at\/en\/wp-json\/wp\/v2\/pages\/7\/revisions\/2426"}],"wp:attachment":[{"href":"https:\/\/ortho-kinsky.at\/en\/wp-json\/wp\/v2\/media?parent=7"}],"curies":[{"name":"wp","href":"https:\/\/api.w.org\/{rel}","templated":true}]}}